{"id":3430,"date":"2025-02-01T16:01:07","date_gmt":"2025-02-01T15:01:07","guid":{"rendered":"https:\/\/www.sandrine-lemoigne.com\/?page_id=3430"},"modified":"2025-04-04T17:44:29","modified_gmt":"2025-04-04T15:44:29","slug":"accueil","status":"publish","type":"page","link":"http:\/\/www.sandrine-lemoigne.com\/en\/","title":{"rendered":"Home"},"content":{"rendered":"<div data-elementor-type=\"wp-page\" data-elementor-id=\"3430\" class=\"elementor elementor-3430\">\n\t\t\t\t<div class=\"elementor-element elementor-element-ffc1101 e-con-full e-flex wpr-particle-no wpr-jarallax-no wpr-parallax-no wpr-sticky-section-no wpr-equal-height-no e-con e-parent\" data-id=\"ffc1101\" data-element_type=\"container\" data-e-type=\"container\" data-settings=\"{&quot;background_background&quot;:&quot;classic&quot;}\">\n\t\t\t\t<div class=\"elementor-element elementor-element-58ed3e7 wpr-main-menu-align-center elementor-widget__width-initial wpr-main-menu-align--mobilecenter wpr-mobile-menu-item-align-left wpr-main-menu-align--tabletleft wpr-pointer-underline wpr-pointer-line-fx wpr-pointer-fx-fade wpr-sub-icon-caret-down wpr-sub-menu-fx-fade wpr-nav-menu-bp-mobile wpr-mobile-menu-full-width wpr-mobile-toggle-v1 wpr-sub-divider-yes wpr-mobile-divider-yes elementor-widget elementor-widget-wpr-nav-menu\" data-id=\"58ed3e7\" data-element_type=\"widget\" data-e-type=\"widget\" data-settings=\"{&quot;menu_layout&quot;:&quot;horizontal&quot;}\" data-widget_type=\"wpr-nav-menu.default\">\n\t\t\t\t<div class=\"elementor-widget-container\">\n\t\t\t\t\t<nav class=\"wpr-nav-menu-container wpr-nav-menu-horizontal\" data-trigger=\"hover\" data-consider-header=\"\" data-scroll-speed=\"500\"><ul id=\"menu-1-58ed3e7\" class=\"wpr-nav-menu\"><li class=\"menu-item menu-item-type-post_type menu-item-object-page menu-item-home menu-item-4744\"><a href=\"http:\/\/www.sandrine-lemoigne.com\/en\/\" class=\"wpr-menu-item wpr-pointer-item\"><i class=\"fa-solid fa-palette fa-lg fa-fw\"><\/i><\/a><\/li>\n<li class=\"menu-item menu-item-type-custom menu-item-object-custom menu-item-has-children menu-item-4786\"><a aria-haspopup=\"true\" aria-expanded=\"false\" href=\"#\" class=\"wpr-menu-item wpr-pointer-item\">\u0152uvres<i class=\"wpr-sub-icon fas\" aria-hidden=\"true\"><\/i><\/a>\n<ul class=\"sub-menu wpr-sub-menu\">\n\t<li class=\"menu-item menu-item-type-post_type menu-item-object-page menu-item-3522\"><a href=\"http:\/\/www.sandrine-lemoigne.com\/en\/oeuvres\/sculptures\/\" class=\"wpr-sub-menu-item\">Sculptures<\/a><\/li>\n\t<li class=\"menu-item menu-item-type-post_type menu-item-object-page menu-item-3521\"><a href=\"http:\/\/www.sandrine-lemoigne.com\/en\/oeuvres\/peintures\/\" class=\"wpr-sub-menu-item\">Paintings<\/a><\/li>\n\t<li class=\"menu-item menu-item-type-post_type menu-item-object-page menu-item-4294\"><a href=\"http:\/\/www.sandrine-lemoigne.com\/en\/oeuvres\/art-sacre\/\" class=\"wpr-sub-menu-item\">Art sacr\u00e9<\/a><\/li>\n\t<li class=\"menu-item menu-item-type-post_type menu-item-object-page menu-item-4038\"><a href=\"http:\/\/www.sandrine-lemoigne.com\/en\/oeuvres\/oeuvres-sur-papier\/\" class=\"wpr-sub-menu-item\">\u0152uvres sur papier<\/a><\/li>\n\t<li class=\"menu-item menu-item-type-post_type menu-item-object-page menu-item-5091\"><a href=\"http:\/\/www.sandrine-lemoigne.com\/en\/oeuvres\/fresques-en-email\/\" class=\"wpr-sub-menu-item\">Fresques en \u00e9mail<\/a><\/li>\n<\/ul>\n<\/li>\n<li class=\"menu-item menu-item-type-post_type menu-item-object-page menu-item-4327\"><a href=\"http:\/\/www.sandrine-lemoigne.com\/en\/commandes\/\" class=\"wpr-menu-item wpr-pointer-item\">Commissions<\/a><\/li>\n<li class=\"menu-item menu-item-type-post_type menu-item-object-page menu-item-3689\"><a href=\"http:\/\/www.sandrine-lemoigne.com\/en\/a-propos\/\" class=\"wpr-menu-item wpr-pointer-item\">A propos<\/a><\/li>\n<li class=\"menu-item menu-item-type-post_type menu-item-object-page menu-item-3690\"><a href=\"http:\/\/www.sandrine-lemoigne.com\/en\/expos-2\/\" class=\"wpr-menu-item wpr-pointer-item\">Expos<\/a><\/li>\n<li class=\"menu-item menu-item-type-custom menu-item-object-custom menu-item-3831\"><a target=\"_blank\" href=\"https:\/\/sandrine-lemoigne.sumupstore.com\/\" class=\"wpr-menu-item wpr-pointer-item\">Boutique<\/a><\/li>\n<li class=\"menu-item menu-item-type-custom menu-item-object-custom menu-item-4045\"><a target=\"_blank\" href=\"mailto:sandrine.lemoigne.contact@gmail.com\" class=\"wpr-menu-item wpr-pointer-item\"><i class=\"fa-solid fa-envelope fa-lg fa-fw\"><\/i><\/a><\/li>\n<li class=\"menu-item menu-item-type-custom menu-item-object-custom menu-item-4780\"><a href=\"https:\/\/www.instagram.com\/lemoigne.sandrine\" class=\"wpr-menu-item wpr-pointer-item\"><i class=\"fa-brands fa-instagram fa-lg fa-fw\"><\/i><\/a><\/li>\n<li class=\"menu-item menu-item-type-custom menu-item-object-custom menu-item-4781\"><a href=\"https:\/\/www.linkedin.com\/in\/sandrine-lemoigne-6a8b88195\/\" class=\"wpr-menu-item wpr-pointer-item\"><i class=\"fa-brands fa-linkedin-in fa-lg fa-fw\"><\/i><\/a><\/li>\n<li class=\"menu-item menu-item-type-custom menu-item-object-custom menu-item-4782\"><a href=\"https:\/\/www.facebook.com\/sandrinelemoigneartistepro\" class=\"wpr-menu-item wpr-pointer-item\"><i class=\"fa-brands fa-facebook-f fa-lg fa-fw\"><\/i><\/a><\/li>\n<\/ul><\/nav><nav class=\"wpr-mobile-nav-menu-container\"><div class=\"wpr-mobile-toggle-wrap\"><div class=\"wpr-mobile-toggle\"><span class=\"wpr-mobile-toggle-line\"><\/span><span class=\"wpr-mobile-toggle-line\"><\/span><span class=\"wpr-mobile-toggle-line\"><\/span><\/div><\/div><ul id=\"mobile-menu-2-58ed3e7\" class=\"wpr-mobile-nav-menu\"><li class=\"menu-item menu-item-type-post_type menu-item-object-page menu-item-home menu-item-4744\"><a href=\"http:\/\/www.sandrine-lemoigne.com\/en\/\" class=\"wpr-mobile-menu-item\"><i class=\"fa-solid fa-palette fa-lg fa-fw\"><\/i><\/a><\/li>\n<li class=\"menu-item menu-item-type-custom menu-item-object-custom menu-item-has-children menu-item-4786\"><a href=\"#\" class=\"wpr-mobile-menu-item\">\u0152uvres<\/a>\n<ul class=\"sub-menu wpr-sub-menu\">\n\t<li class=\"menu-item menu-item-type-post_type menu-item-object-page menu-item-3522\"><a href=\"http:\/\/www.sandrine-lemoigne.com\/en\/oeuvres\/sculptures\/\" class=\"wpr-mobile-sub-menu-item\">Sculptures<\/a><\/li>\n\t<li class=\"menu-item menu-item-type-post_type menu-item-object-page menu-item-3521\"><a href=\"http:\/\/www.sandrine-lemoigne.com\/en\/oeuvres\/peintures\/\" class=\"wpr-mobile-sub-menu-item\">Paintings<\/a><\/li>\n\t<li class=\"menu-item menu-item-type-post_type menu-item-object-page menu-item-4294\"><a href=\"http:\/\/www.sandrine-lemoigne.com\/en\/oeuvres\/art-sacre\/\" class=\"wpr-mobile-sub-menu-item\">Art sacr\u00e9<\/a><\/li>\n\t<li class=\"menu-item menu-item-type-post_type menu-item-object-page menu-item-4038\"><a href=\"http:\/\/www.sandrine-lemoigne.com\/en\/oeuvres\/oeuvres-sur-papier\/\" class=\"wpr-mobile-sub-menu-item\">\u0152uvres sur papier<\/a><\/li>\n\t<li class=\"menu-item menu-item-type-post_type menu-item-object-page menu-item-5091\"><a href=\"http:\/\/www.sandrine-lemoigne.com\/en\/oeuvres\/fresques-en-email\/\" class=\"wpr-mobile-sub-menu-item\">Fresques en \u00e9mail<\/a><\/li>\n<\/ul>\n<\/li>\n<li class=\"menu-item menu-item-type-post_type menu-item-object-page menu-item-4327\"><a href=\"http:\/\/www.sandrine-lemoigne.com\/en\/commandes\/\" class=\"wpr-mobile-menu-item\">Commissions<\/a><\/li>\n<li class=\"menu-item menu-item-type-post_type menu-item-object-page menu-item-3689\"><a href=\"http:\/\/www.sandrine-lemoigne.com\/en\/a-propos\/\" class=\"wpr-mobile-menu-item\">A propos<\/a><\/li>\n<li class=\"menu-item menu-item-type-post_type menu-item-object-page menu-item-3690\"><a href=\"http:\/\/www.sandrine-lemoigne.com\/en\/expos-2\/\" class=\"wpr-mobile-menu-item\">Expos<\/a><\/li>\n<li class=\"menu-item menu-item-type-custom menu-item-object-custom menu-item-3831\"><a target=\"_blank\" href=\"https:\/\/sandrine-lemoigne.sumupstore.com\/\" class=\"wpr-mobile-menu-item\">Boutique<\/a><\/li>\n<li class=\"menu-item menu-item-type-custom menu-item-object-custom menu-item-4045\"><a target=\"_blank\" href=\"mailto:sandrine.lemoigne.contact@gmail.com\" class=\"wpr-mobile-menu-item\"><i class=\"fa-solid fa-envelope fa-lg fa-fw\"><\/i><\/a><\/li>\n<li class=\"menu-item menu-item-type-custom menu-item-object-custom menu-item-4780\"><a href=\"https:\/\/www.instagram.com\/lemoigne.sandrine\" class=\"wpr-mobile-menu-item\"><i class=\"fa-brands fa-instagram fa-lg fa-fw\"><\/i><\/a><\/li>\n<li class=\"menu-item menu-item-type-custom menu-item-object-custom menu-item-4781\"><a href=\"https:\/\/www.linkedin.com\/in\/sandrine-lemoigne-6a8b88195\/\" class=\"wpr-mobile-menu-item\"><i class=\"fa-brands fa-linkedin-in fa-lg fa-fw\"><\/i><\/a><\/li>\n<li class=\"menu-item menu-item-type-custom menu-item-object-custom menu-item-4782\"><a href=\"https:\/\/www.facebook.com\/sandrinelemoigneartistepro\" class=\"wpr-mobile-menu-item\"><i class=\"fa-brands fa-facebook-f fa-lg fa-fw\"><\/i><\/a><\/li>\n<\/ul><\/nav>\t\t\t\t<\/div>\n\t\t\t\t<\/div>\n\t\t\t\t<div class=\"elementor-element elementor-element-e902172 elementor-widget elementor-widget-heading\" data-id=\"e902172\" data-element_type=\"widget\" data-e-type=\"widget\" data-widget_type=\"heading.default\">\n\t\t\t\t<div class=\"elementor-widget-container\">\n\t\t\t\t\t<h1 class=\"elementor-heading-title elementor-size-default\">Sandrine Lemoigne<\/h1>\t\t\t\t<\/div>\n\t\t\t\t<\/div>\n\t\t\t\t<div class=\"elementor-element elementor-element-edcc3ba elementor-widget elementor-widget-heading\" data-id=\"edcc3ba\" data-element_type=\"widget\" data-e-type=\"widget\" data-widget_type=\"heading.default\">\n\t\t\t\t<div class=\"elementor-widget-container\">\n\t\t\t\t\t<h2 class=\"elementor-heading-title elementor-size-default\">Peintre-sculpteur<\/h2>\t\t\t\t<\/div>\n\t\t\t\t<\/div>\n\t\t\t\t<\/div>\n\t\t\t\t<\/div>","protected":false},"excerpt":{"rendered":"<p class=\"excerpt\">\u0152uvres Sculptures Peintures Art sacr\u00e9 \u0152uvres sur papier Commandes A propos Expos Boutique \u0152uvres Sculptures Peintures Art sacr\u00e9 \u0152uvres sur papier Commandes A propos Expos Boutique Sandrine Lemoigne Peintre-sculpteur<\/p>","protected":false},"author":2,"featured_media":0,"parent":0,"menu_order":0,"comment_status":"closed","ping_status":"closed","template":"elementor_header_footer","meta":{"footnotes":""},"class_list":["post-3430","page","type-page","status-publish","hentry"],"yoast_head":"<!-- This site is optimized with the Yoast SEO plugin v27.4 - https:\/\/yoast.com\/product\/yoast-seo-wordpress\/ -->\n<title>Accueil - Sandrine Lemoigne<\/title>\n<meta name=\"robots\" content=\"index, follow, max-snippet:-1, max-image-preview:large, max-video-preview:-1\" \/>\n<link rel=\"canonical\" href=\"https:\/\/www.sandrine-lemoigne.com\/en\/\" \/>\n<meta property=\"og:locale\" content=\"en_GB\" \/>\n<meta property=\"og:type\" content=\"article\" \/>\n<meta property=\"og:title\" content=\"Accueil - Sandrine Lemoigne\" \/>\n<meta property=\"og:description\" content=\"\u0152uvres Sculptures Peintures Art sacr\u00e9 \u0152uvres sur papier Commandes A propos Expos Boutique \u0152uvres Sculptures Peintures Art sacr\u00e9 \u0152uvres sur papier Commandes A propos Expos Boutique Sandrine Lemoigne Peintre-sculpteur\" \/>\n<meta property=\"og:url\" content=\"https:\/\/www.sandrine-lemoigne.com\/en\/\" \/>\n<meta property=\"og:site_name\" content=\"Sandrine Lemoigne\" \/>\n<meta property=\"article:modified_time\" content=\"2025-04-04T15:44:29+00:00\" \/>\n<meta property=\"og:image\" content=\"https:\/\/www.sandrine-lemoigne.com\/wp-content\/uploads\/2025\/02\/Signature-Sandrine-Lemoigne.png\" \/>\n\t<meta property=\"og:image:width\" content=\"1097\" \/>\n\t<meta property=\"og:image:height\" content=\"522\" \/>\n\t<meta property=\"og:image:type\" content=\"image\/png\" \/>\n<meta name=\"twitter:card\" content=\"summary_large_image\" \/>\n<meta name=\"twitter:label1\" content=\"Estimated reading time\" \/>\n\t<meta name=\"twitter:data1\" content=\"1 minute\" \/>\n<script type=\"application\/ld+json\" class=\"yoast-schema-graph\">{\"@context\":\"https:\\\/\\\/schema.org\",\"@graph\":[{\"@type\":\"WebPage\",\"@id\":\"https:\\\/\\\/www.sandrine-lemoigne.com\\\/\",\"url\":\"https:\\\/\\\/www.sandrine-lemoigne.com\\\/\",\"name\":\"Accueil - Sandrine Lemoigne\",\"isPartOf\":{\"@id\":\"https:\\\/\\\/www.sandrine-lemoigne.com\\\/#website\"},\"datePublished\":\"2025-02-01T15:01:07+00:00\",\"dateModified\":\"2025-04-04T15:44:29+00:00\",\"breadcrumb\":{\"@id\":\"https:\\\/\\\/www.sandrine-lemoigne.com\\\/#breadcrumb\"},\"inLanguage\":\"en-GB\",\"potentialAction\":[{\"@type\":\"ReadAction\",\"target\":[\"https:\\\/\\\/www.sandrine-lemoigne.com\\\/\"]}]},{\"@type\":\"BreadcrumbList\",\"@id\":\"https:\\\/\\\/www.sandrine-lemoigne.com\\\/#breadcrumb\",\"itemListElement\":[{\"@type\":\"ListItem\",\"position\":1,\"name\":\"Accueil\",\"item\":\"https:\\\/\\\/www.sandrine-lemoigne.com\\\/\"},{\"@type\":\"ListItem\",\"position\":2,\"name\":\"Accueil\"}]},{\"@type\":\"WebSite\",\"@id\":\"https:\\\/\\\/www.sandrine-lemoigne.com\\\/#website\",\"url\":\"https:\\\/\\\/www.sandrine-lemoigne.com\\\/\",\"name\":\"Sandrine Lemoigne\",\"description\":\"Peintre et sculpteur\",\"publisher\":{\"@id\":\"https:\\\/\\\/www.sandrine-lemoigne.com\\\/#organization\"},\"potentialAction\":[{\"@type\":\"SearchAction\",\"target\":{\"@type\":\"EntryPoint\",\"urlTemplate\":\"https:\\\/\\\/www.sandrine-lemoigne.com\\\/?s={search_term_string}\"},\"query-input\":{\"@type\":\"PropertyValueSpecification\",\"valueRequired\":true,\"valueName\":\"search_term_string\"}}],\"inLanguage\":\"en-GB\"},{\"@type\":\"Organization\",\"@id\":\"https:\\\/\\\/www.sandrine-lemoigne.com\\\/#organization\",\"name\":\"Sandrine Lemoigne\",\"url\":\"https:\\\/\\\/www.sandrine-lemoigne.com\\\/\",\"logo\":{\"@type\":\"ImageObject\",\"inLanguage\":\"en-GB\",\"@id\":\"https:\\\/\\\/www.sandrine-lemoigne.com\\\/#\\\/schema\\\/logo\\\/image\\\/\",\"url\":\"https:\\\/\\\/www.sandrine-lemoigne.com\\\/wp-content\\\/uploads\\\/2025\\\/04\\\/Logo.jpg\",\"contentUrl\":\"https:\\\/\\\/www.sandrine-lemoigne.com\\\/wp-content\\\/uploads\\\/2025\\\/04\\\/Logo.jpg\",\"width\":112,\"height\":112,\"caption\":\"Sandrine Lemoigne\"},\"image\":{\"@id\":\"https:\\\/\\\/www.sandrine-lemoigne.com\\\/#\\\/schema\\\/logo\\\/image\\\/\"}}]}<\/script>\n<!-- \/ Yoast SEO plugin. -->","yoast_head_json":{"title":"Accueil - Sandrine Lemoigne","robots":{"index":"index","follow":"follow","max-snippet":"max-snippet:-1","max-image-preview":"max-image-preview:large","max-video-preview":"max-video-preview:-1"},"canonical":"https:\/\/www.sandrine-lemoigne.com\/en\/","og_locale":"en_GB","og_type":"article","og_title":"Accueil - Sandrine Lemoigne","og_description":"\u0152uvres Sculptures Peintures Art sacr\u00e9 \u0152uvres sur papier Commandes A propos Expos Boutique \u0152uvres Sculptures Peintures Art sacr\u00e9 \u0152uvres sur papier Commandes A propos Expos Boutique Sandrine Lemoigne Peintre-sculpteur","og_url":"https:\/\/www.sandrine-lemoigne.com\/en\/","og_site_name":"Sandrine Lemoigne","article_modified_time":"2025-04-04T15:44:29+00:00","og_image":[{"width":1097,"height":522,"url":"https:\/\/www.sandrine-lemoigne.com\/wp-content\/uploads\/2025\/02\/Signature-Sandrine-Lemoigne.png","type":"image\/png"}],"twitter_card":"summary_large_image","twitter_misc":{"Estimated reading time":"1 minute"},"schema":{"@context":"https:\/\/schema.org","@graph":[{"@type":"WebPage","@id":"https:\/\/www.sandrine-lemoigne.com\/","url":"https:\/\/www.sandrine-lemoigne.com\/","name":"Accueil - Sandrine Lemoigne","isPartOf":{"@id":"https:\/\/www.sandrine-lemoigne.com\/#website"},"datePublished":"2025-02-01T15:01:07+00:00","dateModified":"2025-04-04T15:44:29+00:00","breadcrumb":{"@id":"https:\/\/www.sandrine-lemoigne.com\/#breadcrumb"},"inLanguage":"en-GB","potentialAction":[{"@type":"ReadAction","target":["https:\/\/www.sandrine-lemoigne.com\/"]}]},{"@type":"BreadcrumbList","@id":"https:\/\/www.sandrine-lemoigne.com\/#breadcrumb","itemListElement":[{"@type":"ListItem","position":1,"name":"Accueil","item":"https:\/\/www.sandrine-lemoigne.com\/"},{"@type":"ListItem","position":2,"name":"Accueil"}]},{"@type":"WebSite","@id":"https:\/\/www.sandrine-lemoigne.com\/#website","url":"https:\/\/www.sandrine-lemoigne.com\/","name":"Sandrine Lemoigne","description":"Painter and sculptor","publisher":{"@id":"https:\/\/www.sandrine-lemoigne.com\/#organization"},"potentialAction":[{"@type":"SearchAction","target":{"@type":"EntryPoint","urlTemplate":"https:\/\/www.sandrine-lemoigne.com\/?s={search_term_string}"},"query-input":{"@type":"PropertyValueSpecification","valueRequired":true,"valueName":"search_term_string"}}],"inLanguage":"en-GB"},{"@type":"Organization","@id":"https:\/\/www.sandrine-lemoigne.com\/#organization","name":"Sandrine Lemoigne","url":"https:\/\/www.sandrine-lemoigne.com\/","logo":{"@type":"ImageObject","inLanguage":"en-GB","@id":"https:\/\/www.sandrine-lemoigne.com\/#\/schema\/logo\/image\/","url":"https:\/\/www.sandrine-lemoigne.com\/wp-content\/uploads\/2025\/04\/Logo.jpg","contentUrl":"https:\/\/www.sandrine-lemoigne.com\/wp-content\/uploads\/2025\/04\/Logo.jpg","width":112,"height":112,"caption":"Sandrine Lemoigne"},"image":{"@id":"https:\/\/www.sandrine-lemoigne.com\/#\/schema\/logo\/image\/"}}]}},"_links":{"self":[{"href":"http:\/\/www.sandrine-lemoigne.com\/en\/wp-json\/wp\/v2\/pages\/3430","targetHints":{"allow":["GET"]}}],"collection":[{"href":"http:\/\/www.sandrine-lemoigne.com\/en\/wp-json\/wp\/v2\/pages"}],"about":[{"href":"http:\/\/www.sandrine-lemoigne.com\/en\/wp-json\/wp\/v2\/types\/page"}],"author":[{"embeddable":true,"href":"http:\/\/www.sandrine-lemoigne.com\/en\/wp-json\/wp\/v2\/users\/2"}],"replies":[{"embeddable":true,"href":"http:\/\/www.sandrine-lemoigne.com\/en\/wp-json\/wp\/v2\/comments?post=3430"}],"version-history":[{"count":154,"href":"http:\/\/www.sandrine-lemoigne.com\/en\/wp-json\/wp\/v2\/pages\/3430\/revisions"}],"predecessor-version":[{"id":4955,"href":"http:\/\/www.sandrine-lemoigne.com\/en\/wp-json\/wp\/v2\/pages\/3430\/revisions\/4955"}],"wp:attachment":[{"href":"http:\/\/www.sandrine-lemoigne.com\/en\/wp-json\/wp\/v2\/media?parent=3430"}],"curies":[{"name":"wp","href":"https:\/\/api.w.org\/{rel}","templated":true}]}}